{"id":369,"date":"2024-02-05T14:48:25","date_gmt":"2024-02-05T06:48:25","guid":{"rendered":"https:\/\/www.schs.sg\/?page_id=369"},"modified":"2025-09-16T10:51:24","modified_gmt":"2025-09-16T02:51:24","slug":"school-anthem","status":"publish","type":"page","link":"https:\/\/www.schs.sg\/en\/school-anthem\/","title":{"rendered":"School Anthem"},"content":{"rendered":"\t\t<div data-elementor-type=\"wp-page\" data-elementor-id=\"369\" class=\"elementor elementor-369\" data-elementor-post-type=\"page\">\n\t\t\t\t<div class=\"elementor-element elementor-element-14c509c e-flex e-con-boxed e-con e-parent\" data-id=\"14c509c\" data-element_type=\"container\" data-e-type=\"container\">\n\t\t\t\t\t<div class=\"e-con-inner\">\n\t\t<div class=\"elementor-element elementor-element-7b89e0f e-con-full e-flex e-con e-child\" data-id=\"7b89e0f\" data-element_type=\"container\" data-e-type=\"container\" data-settings=\"{&quot;background_background&quot;:&quot;classic&quot;}\">\n\t\t\t\t<div data-dce-title-color=\"#000000\" class=\"elementor-element elementor-element-91add5f elementor-widget elementor-widget-heading\" data-id=\"91add5f\" data-element_type=\"widget\" data-e-type=\"widget\" data-widget_type=\"heading.default\">\n\t\t\t\t<div class=\"elementor-widget-container\">\n\t\t\t\t\t<h2 class=\"elementor-heading-title elementor-size-default\">Hwa Chong School Anthem<\/h2>\t\t\t\t<\/div>\n\t\t\t\t<\/div>\n\t\t\t\t<div class=\"elementor-element elementor-element-fdf89e2 elementor-widget elementor-widget-text-editor\" data-id=\"fdf89e2\" data-element_type=\"widget\" data-e-type=\"widget\" data-widget_type=\"text-editor.default\">\n\t\t\t\t<div class=\"elementor-widget-container\">\n\t\t\t\t\t\t\t\t\t<p>Lyrics: \u90b5\u5e86\u5143\u8001\u5e08 (1939) \u2022 Song: H.S. Thompson (1857)<\/p>\t\t\t\t\t\t\t\t<\/div>\n\t\t\t\t<\/div>\n\t\t\t\t<div class=\"elementor-element elementor-element-4bfe7a4 elementor-widget elementor-widget-text-editor\" data-id=\"4bfe7a4\" data-element_type=\"widget\" data-e-type=\"widget\" data-widget_type=\"text-editor.default\">\n\t\t\t\t<div class=\"elementor-widget-container\">\n\t\t\t\t\t\t\t\t\t<h5><span style=\"white-space: nowrap;\">\u6d77\u5929\u5be5\u5ed3 \u4e91\u6811\u82cd\u830f \u4e2d\u6709\u6211\u534e\u4e2d<\/span> <span style=\"white-space: nowrap;\">\u793c\u95e8\u4e49\u8def \u65f6\u96e8\u6625\u98ce \u543e\u4faa\u6258\u5e21\u5e6a<\/span><\/h5><h5><span style=\"white-space: nowrap;\">\u7317\u4e0e\u534e\u4e2d \u5357\u65b9\u4e4b\u5f3a \u6211\u4e2d\u534e\u4e4b\u5149<\/span> <span style=\"white-space: nowrap;\">\u96c4\u7acb\u72ee\u5c9b \u5f0f\u662f\u708e\u8352 \u4e07\u4e16\u5176\u65e0\u7586<\/span><\/h5><h5>\u00a0<\/h5><h5><span style=\"white-space: nowrap;\">\u4eba\u751f\u832b\u832b \u5b66\u6d77\u6d0b\u6d0b \u543e\u4faa\u5f53\u81ea\u5f3a<\/span> <span style=\"white-space: nowrap;\">\u671d\u4e7e\u5915\u60d5 \u65e5\u5c31\u6708\u5c06 \u83ab\u8d1f\u597d\u65f6\u5149<\/span><\/h5><h5><span style=\"white-space: nowrap;\">\u7317\u4e0e\u534e\u4e2d \u5357\u65b9\u4e4b\u5f3a \u6211\u4e2d\u534e\u4e4b\u5149<\/span> <span style=\"white-space: nowrap;\">\u96c4\u7acb\u72ee\u5c9b \u5f0f\u662f\u708e\u8352 \u4e07\u4e16\u5176\u65e0\u7586<\/span><\/h5><h5>\u00a0<\/h5><h5><span style=\"white-space: nowrap;\">\u8fe8\u4e88\u5eb6\u58eb \u7b03\u5b9e\u8f89\u5149 \u6590\u7136\u5df2\u6210\u7ae0<\/span> <span style=\"white-space: nowrap;\">\u8182\u529b\u65b9\u521a \u7ecf\u8425\u56db\u65b9 \u524d\u9014\u6d69\u4e14\u957f<\/span><\/h5><h5><span style=\"white-space: nowrap;\">\u7317\u4e0e\u534e\u4e2d \u5357\u65b9\u4e4b\u5f3a \u6211\u4e2d\u534e\u4e4b\u5149<\/span> <span style=\"white-space: nowrap;\">\u96c4\u7acb\u72ee\u5c9b \u5f0f\u662f\u708e\u8352 \u4e07\u4e16\u5176\u65e0\u7586<\/span><\/h5><h5>\u00a0<\/h5>\t\t\t\t\t\t\t\t<\/div>\n\t\t\t\t<\/div>\n\t\t\t\t<div class=\"elementor-element elementor-element-4a2d75f dce_masking-none elementor-widget elementor-widget-video\" data-id=\"4a2d75f\" data-element_type=\"widget\" data-e-type=\"widget\" data-settings=\"{&quot;youtube_url&quot;:&quot;https:\\\/\\\/www.youtube.com\\\/watch?v=JkCScduoYYc&quot;,&quot;video_type&quot;:&quot;youtube&quot;,&quot;controls&quot;:&quot;yes&quot;}\" data-widget_type=\"video.default\">\n\t\t\t\t<div class=\"elementor-widget-container\">\n\t\t\t\t\t\t\t<div class=\"elementor-wrapper elementor-open-inline\">\n\t\t\t<div class=\"elementor-video\"><\/div>\t\t<\/div>\n\t\t\t\t\t\t<\/div>\n\t\t\t\t<\/div>\n\t\t\t\t<\/div>\n\t\t\t\t\t<\/div>\n\t\t\t\t<\/div>\n\t\t<div class=\"elementor-element elementor-element-2eea5b3 e-flex e-con-boxed e-con e-parent\" data-id=\"2eea5b3\" data-element_type=\"container\" data-e-type=\"container\">\n\t\t\t\t\t<div class=\"e-con-inner\">\n\t\t<div class=\"elementor-element elementor-element-ed93882 e-con-full e-flex e-con e-child\" data-id=\"ed93882\" data-element_type=\"container\" data-e-type=\"container\" data-settings=\"{&quot;background_background&quot;:&quot;classic&quot;}\">\n\t\t\t\t<div data-dce-title-color=\"#000000\" class=\"elementor-element elementor-element-bca4ef0 elementor-widget elementor-widget-heading\" data-id=\"bca4ef0\" data-element_type=\"widget\" data-e-type=\"widget\" data-widget_type=\"heading.default\">\n\t\t\t\t<div class=\"elementor-widget-container\">\n\t\t\t\t\t<h2 class=\"elementor-heading-title elementor-size-default\">\u534e\u4e2d\u6821\u6b4c\u91ca\u4e49<\/h2>\t\t\t\t<\/div>\n\t\t\t\t<\/div>\n\t\t\t\t<div class=\"elementor-element elementor-element-ad3de3f elementor-widget elementor-widget-text-editor\" data-id=\"ad3de3f\" data-element_type=\"widget\" data-e-type=\"widget\" data-widget_type=\"text-editor.default\">\n\t\t\t\t<div class=\"elementor-widget-container\">\n\t\t\t\t\t\t\t\t\t<p>\u2014\u2014 \u738b\u767d\u5b89 \uff081948\u5e74\u751f\u4e8e\u65b0\u52a0\u5761\uff0c1966\u5e74\u534e\u4e2d\u6bd5\u4e1a\uff0c1971\u5e74\u5357\u5927\u4e2d\u6587\u7cfb\u6bd5\u4e1a\uff0c\u66fe\u4efb\u6559\u5e08\uff09<\/p>\t\t\t\t\t\t\t\t<\/div>\n\t\t\t\t<\/div>\n\t\t\t\t<div class=\"elementor-element elementor-element-4a82d6b elementor-widget elementor-widget-text-editor\" data-id=\"4a82d6b\" data-element_type=\"widget\" data-e-type=\"widget\" data-widget_type=\"text-editor.default\">\n\t\t\t\t<div class=\"elementor-widget-container\">\n\t\t\t\t\t\t\t\t\t<p>\u8fd9\u9996\u6821\u6b4c\uff0c\u6b4c\u8bcd\u5185\u6db5\u4e30\u5bcc\uff0c\u8a00\u7b80\u610f\u8d45\u3002\u4f60\u6211\u5df2\u5531\u4e86\u6570\u5341\u5e74\uff0c\u4f46\u6b4c\u8bcd\u4e2d\u7684\u6bcf\u4e00\u4e2a\u5b57\u4f60\u90fd\u80fd\u5ff5\u51c6\u5417\uff1f\u6240\u6709\u8bcd\u53e5\u7684\u610f\u4e49\u4f60\u90fd\u660e\u767d\u4e86\u5417\uff1f\u8bf7\u53c2\u8003\u4ee5\u4e0b\u7684\u9010\u53e5\u89e3\u6790\u3002<\/p><p>\u6b4c\u8bcd\u5206\u4e3a\u4e09\u4e2a\u90e8\u5206\uff1a<\/p><p>\u4e00\u3001\u4ecb\u7ecd\u534e\u4e2d\u6821\u666f\u3001\u5efa\u6821\u5b97\u65e8\u5e76\u611f\u5ff5\u5e08\u6069\uff1b<\/p><p>\u4e8c\u3001\u52c9\u52b1\u5b66\u5b50\u81ea\u5f3a\u4e0d\u606f\uff0c\u73cd\u60dc\u9752\u6625\u5e74\u534e\u52aa\u529b\u5b66\u4e60\uff1b<\/p><p>\u4e09\u3001\u5f3a\u8c03\u6bcd\u6821\u57f9\u517b\u5404\u65b9\u9762\u4eba\u624d\uff0c\u4e3a\u56fd\u5bb6\u793e\u4f1a\u4f5c\u51fa\u8d21\u732e\u3002<\/p><p><strong>\u4e00\u3001\u6821\u666f\u53ca\u5b97\u65e8<\/strong><\/p><p>\u9996\u53e5\u201c\u6d77\u5929\u5be5\u5ed3\u201d<\/p><p>\u6b64\u5904\u201c\u6d77\u5929\u201d\u5e76\u975e\u5b9e\u6307\uff0c\u800c\u662f\u5f62\u5bb9\u6821\u56ed\u5883\u754c\u5f00\u9614\u7684\u666f\u8c61\uff0c\u501f\u7528\u767d\u5c45\u6613\u201c\u6d77\u5929\u4e1c\u671b\u5915\u832b\u832b\u201d\u8bd7\u53e5\u4e3a\u8d77\u5174\uff0c\u7ad9\u5728\u534e\u4e2d\u5c71\u5c97\u4ece\u9ad8\u5904\u773a\u671b\uff0c\u70d8\u6258\u51fa\u5bf9\u534e\u4e2d\u6821\u56ed\u6c14\u8c61\u4e0d\u51e1\u7684\u8d5e\u7f8e\u3002<\/p><p>\u201c\u5be5\u5ed3\u201d\uff08li\u00e1o ku\u00f2\uff09\uff1a\u610f\u4e3a\u9ad8\u8fdc\u7a7a\u65f7\u3002\u8fd9\u91cc\u6070\u5982\u5176\u5206\u5730\u53cd\u6620\u51fa\u534e\u4e2d\u6821\u56ed\u7684\u5e7f\u9614&#8211;\u5360\u573072\u82f1\u4ea9\uff08\u7ea629\u516c\u9877\uff09\uff0c\u662f\u65b0\u52a0\u5761\u6570\u4e00\u6570\u4e8c\u7684\u5927\u578b\u4e2d\u5b66\u3002\u6821\u56ed\u5916\uff0c\u4ece\u5de6\u5230\u53f3\uff0c\u9a6c\u8def\u4e0a\u6709\u4e09\u4e2a\u5df4\u58eb\u8f66\u7ad9\uff0c\u8db3\u89c1\u5176\u89c4\u6a21\u4e4b\u5927\u3002<\/p><p>\u201c\u4e91\u6811\u201d \uff1a\u53ef\u6307\u6821\u56ed\u5c71\u5761\u4e0a\u4e24\u6392\u9ad8\u8038\u7684\u6728\u9ebb\u9ec4\u6811\uff0c\u4e5f\u8c61\u5f81\u5b66\u5b50\u7684\u5d07\u9ad8\u98ce\u9aa8\u3002\u201c\u4e91\u6811\u201d\u4e00\u8bcd\u8d4b\u4e88\u6b4c\u8bcd\u66f4\u6709\u8bd7\u610f\uff0c\u53e4\u8bd7\u201c\u4e91\u6811\u82cd\u832b\u9690\u4e07\u5bb6\u201d\u4e4b\u53e5\uff0c\u5373\u63cf\u5199\u6811\u6728\u8fdc\u666f\u3002<\/p><p>\u201c\u82cd\u830f\u201d \uff1a\u5f62\u5bb9\u6811\u6728\u8302\u76db\u8471\u90c1\u3002\u524d\u4eba\u6709\u201c\u53e4\u8272\u82cd\u830f\uff0c\u8471\u7fe0\u4e89\u8363\u201d\u4e4b\u53e5\u3002<\/p><p>\u8bf7\u6ce8\u610f\uff0c\u6709\u4e9b\u7248\u672c\u8bef\u4f5c\u201c\u82cd\u7b3c\u201d\uff0c\u5b9e\u4e3a\u9519\u5b57\u3002\u201c\u830f\u201d\u5e94\u4e3a\u8349\u5b57\u5934\uff0c\u4e0d\u662f\u7af9\u5b57\u5934\u3002<\/p><p>\u201c\u4e91\u6811\u82cd\u830f\uff0c\u4e2d\u6709\u6211\u534e\u4e2d\u201d\uff1a\u53ef\u89e3\u4e3a\u5728\u9752\u8471\u8302\u5bc6\u7684\u5927\u6811\u63a9\u6620\u4e0b\uff0c\u534e\u4e2d\u6821\u56ed\u666f\u81f4\u7f8e\u4e0d\u80dc\u6536\u3002<\/p><p>\u201c\u793c\u95e8\u4e49\u8def\u201d \uff1a\u6bcd\u6821\u4ee5\u793c\u4e49\u4e3a\u77e5\u8bc6\u7684\u95e8\u5ead\u3001\u524d\u8fdb\u7684\u8def\u5f84\u3002\u6211\u4eec\u7684\u6559\u80b2\u7406\u5ff5\u91cd\u89c6\u4e2d\u534e\u4f20\u7edf\u7f8e\u5fb7\uff0c\u80a9\u8d1f\u4f20\u627f\u548c\u5f18\u626c\u4e2d\u534e\u6587\u5316\u7684\u91cd\u4efb\u3002<\/p><p>\u201c\u65f6\u96e8\u6625\u98ce\u201d\uff1a \u5f62\u8c61\u5730\u63cf\u7ed8\u5e08\u957f\u5982\u53ca\u65f6\u96e8\u822c\u6da6\u7269\u65e0\u58f0\uff0c\u53c8\u5982\u6625\u98ce\u822c\u548c\u7166\u6021\u4eba\uff0c\u6069\u6cfd\u5b66\u751f\uff0c\u6e29\u6696\u5fc3\u7530\u3002<\/p><p>\u201c\u543e\u4faa\u201d\uff1a\u201c\u4faa\u201d\u97f3\u67f4\uff08ch\u00e1i\uff09\uff0c\u5e38\u88ab\u8bef\u8bfb\u4e3a\u201cc\u00e1i\u201d\uff0c\u5b9c\u6ce8\u610f\u3002\u201c\u543e\u4faa\u201d\u610f\u4e3a\u540c\u8f88\u3001\u6211\u4eec\u3002<\/p><p>\u201c\u6258\u5e21\u5e6a\u201d\uff08p\u00edng m\u00e9ng\uff09\uff1a\u539f\u6307\u53e4\u4ee3\u5e10\u5e55\uff0c\u5f15\u7533\u4e3a\u5e87\u62a4\u4e4b\u6240\u3002\u6574\u53e5\u610f\u4e3a\uff1a\u6211\u4eec\u5728\u6bcd\u6821\u5e87\u836b\u4e4b\u4e0b\u8301\u58ee\u6210\u957f\uff0c\u8eab\u5fc3\u5f97\u4ee5\u5168\u9762\u53d1\u5c55\u3002<\/p><p>\u201c\u7317\u4e0e\u534e\u4e2d\uff0c\u5357\u65b9\u4e4b\u5f3a\uff0c\u6211\u4e2d\u534e\u4e4b\u5149\u201d \uff1a\u201c\u7317\u201d\u97f3y\u012b\uff0c\u4e3a\u8d5e\u53f9\u4e4b\u8bcd\u3002\u6b64\u516d\u53e5\u5e84\u4e25\u6fc0\u6602\uff0c\u53cd\u590d\u51fa\u73b0\u4e09\u6b21\uff0c\u589e\u5f3a\u60c5\u611f\u8868\u8fbe\uff0c\u5f3a\u8c03\u534e\u4e2d\u662f\u5357\u6d0b\u4e4b\u5f3a\u6821\uff0c\u6709\u4e2d\u534e\u6587\u660e\u4e4b\u5149\u7684\u81ea\u8c6a\u611f\u3002<\/p><p>\u201c\u96c4\u7acb\u72ee\u5c9b\uff0c\u5f0f\u662f\u708e\u8352\u201d \uff1a\u201c\u96c4\u7acb\u72ee\u5c9b\u201d\u610f\u6307\u534e\u4e2d\u5dcd\u7136\u5c79\u7acb\u5728\u65b0\u52a0\u5761\uff1b\u201c\u5f0f\u201d\u51fa\u81ea\u300a\u8bd7\u7ecf\u300b\u201c\u5f0f\u662f\u5357\u90a6\u201d\uff0c\u4f5c\u201c\u699c\u6837\u3001\u5178\u8303\u201d\u89e3\uff1b\u201c\u708e\u8352\u201d\u6307\u5357\u65b9\u708e\u70ed\u504f\u8fdc\u4e4b\u5730\uff0c\u8303\u6307\u5357\u6d0b\u3002\u6574\u53e5\u5f70\u663e\u4e86\u534e\u4e2d\u4f5c\u4e3a\u4e2d\u534e\u6587\u5316\u5728\u5357\u6d0b\u7684\u6977\u6a21\u5730\u4f4d\u3002<\/p><p>\u201c\u4e07\u4e16\u5176\u65e0\u7586\u201d\uff1a \u5bc4\u6258\u5bf9\u6bcd\u6821\u5343\u79cb\u4e07\u4ee3\uff0c\u5149\u8f89\u6c38\u9a7b\u7684\u795d\u613f\u3002<\/p><p><strong>\u4e8c\u3001\u6fc0\u52b1\u5b66\u5b50<\/strong><\/p><p>\u201c\u4eba\u751f\u832b\u832b\uff0c\u5b66\u6d77\u6d0b\u6d0b\uff0c\u543e\u4faa\u5f53\u81ea\u5f3a\u201d \uff1a\u5bd3\u610f\u4eba\u751f\u9053\u8def\u5e7f\u9614\uff0c\u5b66\u95ee\u5982\u6d77\u6d69\u701a\u65e0\u6daf\uff0c\u5b66\u5b50\u5e94\u5f53\u81ea\u5f3a\u4e0d\u606f\u3002<\/p><p>\u201c\u671d\u4e7e\u5915\u60d5\u201d\uff08zh\u0101o qi\u00e1n x\u012b t\u00ec\uff09\uff1a \u201c\u4e7e\u201d\u97f3qi\u00e1n\uff0c\u8c61\u5f81\u521a\u5065\u594b\u8fdb\uff1b\u201c\u60d5\u201d\u97f3t\u00ec\uff0c\u610f\u4e3a\u8b66\u60d5\uff0c<\/p><p>\u51fa\u81ea\u300a\u5468\u6613\u300b\uff1a\u201c\u541b\u5b50\u7ec8\u65e5\u4e7e\u4e7e\uff0c\u5915\u60d5\u82e5\u5389\u3002\u201d&#8211;\u6307\u6e05\u6668\u52e4\u594b\u5b66\u4e60\uff0c\u508d\u665a\u4ea6\u4e0d\u677e\u61c8\u3002<\/p><p>\u201c\u65e5\u5c31\u6708\u5c06\uff0c\u83ab\u8d1f\u597d\u65f6\u5149\u201d \uff1a\u201c\u65e5\u5c31\u201d\uff1a\u6bcf\u65e5\u8fdb\u6b65\uff1b\u201c\u6708\u5c06\u201d\uff08\u97f3 ji\u0101ng\uff09-\u6bcf\u6708\u6709\u6240\u63d0\u5347\uff1b<\/p><p>\u4e24\u53e5\u6fc0\u52b1\u5b66\u5b50\u73cd\u60dc\u5149\u9634\uff0c\u6301\u7eed\u7cbe\u8fdb\uff0c\u4e0d\u8d1f\u9752\u6625\u5e74\u534e\u3002<\/p><p><strong>\u4e09\u3001\u57f9\u80b2\u4eba\u624d<\/strong><\/p><p>\u201c\u8fe8\u4e88\u5eb6\u58eb\u201d\uff1a \u201c\u8fe8\u201d\uff08\u97f3d\u00e0i\uff09= \u7b49\u5230\uff1b\u201c\u5eb6\u58eb\u201d-\u4f17\u591a\u5b66\u5b50\uff1b<\/p><p>\u6b64\u53e5\u63cf\u7ed8\u7b49\u5230\u4f17\u5b66\u5b50\u5b66\u4e1a\u6709\u6210\u3001\u5d2d\u9732\u5934\u89d2\u7684\u7f8e\u597d\u56fe\u666f\u3002<\/p><p>\u201c\u7b03\u5b9e\u8f89\u5149\u201d \uff1a\u51fa\u81ea\u300a\u5468\u6613\u300b\uff1a\u201c\u521a\u5065\u7b03\u5b9e\uff0c\u8f89\u5149\u65e5\u65b0\u201d \uff0c\u6b4c\u8bcd\u5c06\u516b\u5b57\u6d53\u7f29\u4e3a\u56db\u5b57\uff0c\u52c9\u52b1\u5b66\u751f\u539a\u9053\u6734\u5b9e\uff0c\u54c1\u5fb7\u5149\u660e\uff0c\u5fc5\u6210\u5927\u5668\u3002<\/p><p>\u201c\u6590\u7136\u5df2\u6210\u7ae0\u201d\uff1a\u201c\u6590\u7136\u6210\u7ae0\u201d\u539f\u5f62\u5bb9\u6587\u7ae0\u4f18\u7f8e\u3001\u6761\u7406\u5206\u660e\uff1b\u6b64\u5904\u5f15\u7533\u4e3a\u5b66\u5b50\u624d\u534e\u51fa\u4f17\u3001\u4e8b\u4e1a\u521d\u5177\u6210\u5c31\u3002<\/p><p>\u201c\u8182\u529b\u65b9\u521a\uff0c\u7ecf\u8425\u56db\u65b9\u201d \uff1a \u201c\u8182\u529b\u201d\uff1a\u4f53\u529b\uff1b\u201c\u56db\u65b9\u201d\uff1a\u5929\u4e0b\u5404\u5730\uff1b \u610f\u5728\u52c9\u52b1\u5e74\u5bcc\u529b\u5f3a\u4e4b\u5b66\u5b50\u5e94\u5fd7\u5728\u56db\u65b9\uff0c\u5927\u5c55\u5b8f\u56fe\u3002<\/p><p>\u201c\u524d\u9014\u6d69\u4e14\u957f\u201d \uff1a\u5bd3\u610f\u524d\u8def\u8fbd\u9614\u5149\u660e\uff0c\u672a\u6765\u65e0\u9650\u53ef\u671f\u3002<\/p><p><strong>\u603b\u7ed3<\/strong><\/p><p>\u6574\u9996\u6821\u6b4c\u6c14\u52bf\u78c5\u7934\uff0c\u65e2\u5c55\u73b0\u4e86\u534e\u4e2d\u6821\u56ed\u7684\u4f18\u7f8e\u666f\u8272\u548c\u6df1\u539a\u7684\u6587\u5316\u5e95\u8574\uff0c\u53c8\u8868\u8fbe\u4e86\u5bf9\u5e08\u957f\u7684\u611f\u6fc0\u4e4b\u60c5\u548c\u5bf9\u5b66\u5b50\u7684\u6bb7\u5207\u671f\u671b\uff0c\u6700\u7ec8\u5347\u534e\u5230\u5bf9\u56fd\u5bb6\u548c\u6c11\u65cf\u7684\u8d23\u4efb\u611f\u4e0e\u4f7f\u547d\u611f\u3002<\/p><p>\u8fd9\u9996\u6821\u6b4c\u4e0d\u4ec5\u662f\u534e\u4e2d\u6821\u53cb\u7684\u7cbe\u795e\u5bc4\u6258\uff0c\u66f4\u662f\u6fc0\u52b1\u4e00\u4ee3\u53c8\u4e00\u4ee3\u5b66\u5b50\u594b\u52c7\u5411\u524d\u7684\u52a8\u529b\u3002<\/p><p><strong>\u9644\uff1a\u534e\u4e2d\u6821\u6b4c\u767d\u8bdd\u8bd1\u6587<\/strong><\/p><p>\u5929\u7a7a\u8fbd\u9614\uff0c\u7eff\u6811\u7e41\u8302\uff0c\u6211\u4eec\u7684\u534e\u4e2d\u6821\u56ed\u5c79\u7acb\u5176\u4e2d\u3002<\/p><p>\u4ee5\u793c\u4e49\u4e3a\u6839\u672c\uff0c\u5e08\u957f\u5982\u6625\u98ce\u65f6\u96e8\uff0c\u9ed8\u9ed8\u8015\u8018\uff0c\u6559\u5316\u6211\u4eec\u6210\u957f\u3002<\/p><p>\u554a\uff0c\u6211\u4eec\u7684\u534e\u4e2d\uff0c\u662f\u5357\u65b9\u7684\u5f3a\u6821\uff0c\u662f\u4e2d\u534e\u6587\u660e\u7684\u5149\u8f89\uff1b<\/p><p>\u5dcd\u7136\u5c79\u7acb\u5728\u72ee\u57ce\u8fd9\u7247\u70ed\u571f\uff0c\u613f\u60a8\u57fa\u4e1a\u5343\u79cb\uff0c\u6c38\u7eed\u5149\u8f89\u3002<\/p><p>\u4eba\u751f\u9053\u8def\u5bbd\u5e7f\uff0c\u5b66\u95ee\u6d69\u701a\u65e0\u8fb9\uff0c\u6211\u4eec\u5e94\u5f53\u81ea\u5f3a\u4e0d\u606f\uff1b<\/p><p>\u52e4\u594b\u4e0d\u61c8\uff0c\u65e5\u79ef\u6708\u7d2f\uff0c\u83ab\u8d1f\u9752\u6625\u7f8e\u597d\u65f6\u5149\u3002<\/p><p>\u554a\uff0c\u6211\u4eec\u7684\u534e\u4e2d\uff0c\u662f\u5357\u65b9\u7684\u5f3a\u6821\uff0c\u662f\u4e2d\u534e\u6587\u660e\u7684\u5149\u8f89\uff1b<\/p><p>\u5dcd\u7136\u5c79\u7acb\u5728\u72ee\u57ce\u8fd9\u7247\u70ed\u571f\uff0c\u613f\u60a8\u57fa\u4e1a\u5343\u79cb\uff0c\u6c38\u7eed\u5149\u8f89\u3002<\/p><p>\u7b49\u6211\u4eec\u8fd9\u4e9b\u5b66\u5b50\uff0c\u5b66\u4e1a\u6709\u6210\uff0c\u5fb7\u624d\u517c\u5907\uff0c\u4fbf\u53ef\u53d1\u5149\u53d1\u70ed\uff1b<\/p><p>\u8d81\u5e74\u5bcc\u529b\u5f3a\u4e4b\u9645\uff0c\u62d3\u5c55\u56db\u65b9\u5929\u5730\uff0c\u524d\u7a0b\u707f\u70c2\u8f89\u714c\u3002<\/p><p>\u554a\uff0c\u6211\u4eec\u7684\u534e\u4e2d\uff0c\u662f\u5357\u65b9\u7684\u5f3a\u6821\uff0c\u662f\u4e2d\u534e\u6587\u660e\u7684\u5149\u8f89\uff1b<\/p><p>\u5dcd\u7136\u5c79\u7acb\u5728\u72ee\u57ce\u8fd9\u7247\u70ed\u571f\uff0c\u613f\u60a8\u57fa\u4e1a\u5343\u79cb\uff0c\u6c38\u7eed\u5149\u8f89\u3002<\/p>\t\t\t\t\t\t\t\t<\/div>\n\t\t\t\t<\/div>\n\t\t\t\t<\/div>\n\t\t\t\t\t<\/div>\n\t\t\t\t<\/div>\n\t\t\t\t<\/div>\n\t\t","protected":false},"excerpt":{"rendered":"<p>Hwa Chong School Anthem Lyrics: \u90b5\u5e86\u5143\u8001\u5e08 (1939) \u2022 Song: H.S. Thompson (1857) \u6d77\u5929\u5be5\u5ed3 \u4e91\u6811\u82cd\u830f \u4e2d\u6709\u6211\u534e\u4e2d \u793c\u95e8\u4e49\u8def \u65f6\u96e8\u6625\u98ce \u543e\u4faa\u6258\u5e21\u5e6a \u7317\u4e0e\u534e\u4e2d \u5357\u65b9\u4e4b\u5f3a \u6211\u4e2d\u534e\u4e4b\u5149 \u96c4\u7acb\u72ee\u5c9b \u5f0f\u662f\u708e\u8352 \u4e07\u4e16\u5176\u65e0\u7586 \u00a0 \u4eba\u751f\u832b\u832b \u5b66\u6d77\u6d0b\u6d0b \u543e\u4faa\u5f53\u81ea\u5f3a \u671d\u4e7e\u5915\u60d5 \u65e5\u5c31\u6708\u5c06 \u83ab\u8d1f\u597d\u65f6\u5149 \u7317\u4e0e\u534e\u4e2d \u5357\u65b9\u4e4b\u5f3a \u6211\u4e2d\u534e\u4e4b\u5149 \u96c4\u7acb\u72ee\u5c9b \u5f0f\u662f\u708e\u8352 \u4e07\u4e16\u5176\u65e0\u7586 \u00a0 \u8fe8\u4e88\u5eb6\u58eb \u7b03\u5b9e\u8f89\u5149 \u6590\u7136\u5df2\u6210\u7ae0 \u8182\u529b\u65b9\u521a \u7ecf\u8425\u56db\u65b9 \u524d\u9014\u6d69\u4e14\u957f \u7317\u4e0e\u534e\u4e2d \u5357\u65b9\u4e4b\u5f3a \u6211\u4e2d\u534e\u4e4b\u5149 \u96c4\u7acb\u72ee\u5c9b \u5f0f\u662f\u708e\u8352 \u4e07\u4e16\u5176\u65e0\u7586 \u00a0 https:\/\/www.youtube.com\/watch?v=JkCScduoYYc \u534e\u4e2d\u6821\u6b4c\u91ca\u4e49 \u2014\u2014 \u738b\u767d\u5b89 [&hellip;]<\/p>\n","protected":false},"author":2,"featured_media":0,"parent":0,"menu_order":0,"comment_status":"closed","ping_status":"closed","template":"elementor_header_footer","meta":{"_acf_changed":false,"footnotes":""},"class_list":["post-369","page","type-page","status-publish","hentry"],"acf":[],"yoast_head":"<!-- This site is optimized with the Yoast SEO plugin v27.3 - https:\/\/yoast.com\/product\/yoast-seo-wordpress\/ -->\n<title>Hwa Chong School School | SCHS<\/title>\n<meta name=\"description\" content=\"School Song Lyrics Explanations\" \/>\n<meta name=\"robots\" content=\"index, follow, max-snippet:-1, max-image-preview:large, max-video-preview:-1\" \/>\n<link rel=\"canonical\" href=\"https:\/\/www.schs.sg\/en\/school-anthem\/\" \/>\n<meta property=\"og:locale\" content=\"en_US\" \/>\n<meta property=\"og:type\" content=\"article\" \/>\n<meta property=\"og:title\" content=\"Hwa Chong School School | SCHS\" \/>\n<meta property=\"og:description\" content=\"School Song Lyrics Explanations\" \/>\n<meta property=\"og:url\" content=\"https:\/\/www.schs.sg\/en\/school-anthem\/\" \/>\n<meta property=\"og:site_name\" content=\"Singapore Chinese High School | SCHS\" \/>\n<meta property=\"article:modified_time\" content=\"2025-09-16T02:51:24+00:00\" \/>\n<meta name=\"twitter:card\" content=\"summary_large_image\" \/>\n<meta name=\"twitter:label1\" content=\"Est. reading time\" \/>\n\t<meta name=\"twitter:data1\" content=\"1 minute\" \/>\n<script type=\"application\/ld+json\" class=\"yoast-schema-graph\">{\"@context\":\"https:\\\/\\\/schema.org\",\"@graph\":[{\"@type\":\"WebPage\",\"@id\":\"https:\\\/\\\/www.schs.sg\\\/en\\\/school-anthem\\\/\",\"url\":\"https:\\\/\\\/www.schs.sg\\\/en\\\/school-anthem\\\/\",\"name\":\"Hwa Chong School School | SCHS\",\"isPartOf\":{\"@id\":\"http:\\\/\\\/www.schs.sg\\\/#website\"},\"datePublished\":\"2024-02-05T06:48:25+00:00\",\"dateModified\":\"2025-09-16T02:51:24+00:00\",\"description\":\"School Song Lyrics Explanations\",\"breadcrumb\":{\"@id\":\"https:\\\/\\\/www.schs.sg\\\/en\\\/school-anthem\\\/#breadcrumb\"},\"inLanguage\":\"en-US\",\"potentialAction\":[{\"@type\":\"ReadAction\",\"target\":[\"https:\\\/\\\/www.schs.sg\\\/en\\\/school-anthem\\\/\"]}]},{\"@type\":\"BreadcrumbList\",\"@id\":\"https:\\\/\\\/www.schs.sg\\\/en\\\/school-anthem\\\/#breadcrumb\",\"itemListElement\":[{\"@type\":\"ListItem\",\"position\":1,\"name\":\"Home\",\"item\":\"https:\\\/\\\/www.schs.sg\\\/en\\\/\"},{\"@type\":\"ListItem\",\"position\":2,\"name\":\"School Anthem\"}]},{\"@type\":\"WebSite\",\"@id\":\"http:\\\/\\\/www.schs.sg\\\/#website\",\"url\":\"http:\\\/\\\/www.schs.sg\\\/\",\"name\":\"Singapore Chinese High School | SCHS\",\"description\":\"Singapore Chinese High School (&#039;SCHS&#039;) is the parent entity of Hwa Chong Institution (previously Chinese High School and Hwa Chong Junior College) and Hwa Chong International School, as well as the guardian of interests of the greater Hwa Chong Family.\",\"publisher\":{\"@id\":\"http:\\\/\\\/www.schs.sg\\\/#organization\"},\"potentialAction\":[{\"@type\":\"SearchAction\",\"target\":{\"@type\":\"EntryPoint\",\"urlTemplate\":\"http:\\\/\\\/www.schs.sg\\\/?s={search_term_string}\"},\"query-input\":{\"@type\":\"PropertyValueSpecification\",\"valueRequired\":true,\"valueName\":\"search_term_string\"}}],\"inLanguage\":\"en-US\"},{\"@type\":\"Organization\",\"@id\":\"http:\\\/\\\/www.schs.sg\\\/#organization\",\"name\":\"Singapore Chinese High School | SCHS\",\"url\":\"http:\\\/\\\/www.schs.sg\\\/\",\"logo\":{\"@type\":\"ImageObject\",\"inLanguage\":\"en-US\",\"@id\":\"http:\\\/\\\/www.schs.sg\\\/#\\\/schema\\\/logo\\\/image\\\/\",\"url\":\"https:\\\/\\\/www.schs.sg\\\/wp-content\\\/uploads\\\/2024\\\/01\\\/logo-1.png\",\"contentUrl\":\"https:\\\/\\\/www.schs.sg\\\/wp-content\\\/uploads\\\/2024\\\/01\\\/logo-1.png\",\"width\":656,\"height\":129,\"caption\":\"Singapore Chinese High School | SCHS\"},\"image\":{\"@id\":\"http:\\\/\\\/www.schs.sg\\\/#\\\/schema\\\/logo\\\/image\\\/\"}}]}<\/script>\n<!-- \/ Yoast SEO plugin. -->","yoast_head_json":{"title":"Hwa Chong School School | SCHS","description":"School Song Lyrics Explanations","robots":{"index":"index","follow":"follow","max-snippet":"max-snippet:-1","max-image-preview":"max-image-preview:large","max-video-preview":"max-video-preview:-1"},"canonical":"https:\/\/www.schs.sg\/en\/school-anthem\/","og_locale":"en_US","og_type":"article","og_title":"Hwa Chong School School | SCHS","og_description":"School Song Lyrics Explanations","og_url":"https:\/\/www.schs.sg\/en\/school-anthem\/","og_site_name":"Singapore Chinese High School | SCHS","article_modified_time":"2025-09-16T02:51:24+00:00","twitter_card":"summary_large_image","twitter_misc":{"Est. reading time":"1 minute"},"schema":{"@context":"https:\/\/schema.org","@graph":[{"@type":"WebPage","@id":"https:\/\/www.schs.sg\/en\/school-anthem\/","url":"https:\/\/www.schs.sg\/en\/school-anthem\/","name":"Hwa Chong School School | SCHS","isPartOf":{"@id":"http:\/\/www.schs.sg\/#website"},"datePublished":"2024-02-05T06:48:25+00:00","dateModified":"2025-09-16T02:51:24+00:00","description":"School Song Lyrics Explanations","breadcrumb":{"@id":"https:\/\/www.schs.sg\/en\/school-anthem\/#breadcrumb"},"inLanguage":"en-US","potentialAction":[{"@type":"ReadAction","target":["https:\/\/www.schs.sg\/en\/school-anthem\/"]}]},{"@type":"BreadcrumbList","@id":"https:\/\/www.schs.sg\/en\/school-anthem\/#breadcrumb","itemListElement":[{"@type":"ListItem","position":1,"name":"Home","item":"https:\/\/www.schs.sg\/en\/"},{"@type":"ListItem","position":2,"name":"School Anthem"}]},{"@type":"WebSite","@id":"http:\/\/www.schs.sg\/#website","url":"http:\/\/www.schs.sg\/","name":"Singapore Chinese High School | SCHS","description":"Singapore Chinese High School (&#039;SCHS&#039;) is the parent entity of Hwa Chong Institution (previously Chinese High School and Hwa Chong Junior College) and Hwa Chong International School, as well as the guardian of interests of the greater Hwa Chong Family.","publisher":{"@id":"http:\/\/www.schs.sg\/#organization"},"potentialAction":[{"@type":"SearchAction","target":{"@type":"EntryPoint","urlTemplate":"http:\/\/www.schs.sg\/?s={search_term_string}"},"query-input":{"@type":"PropertyValueSpecification","valueRequired":true,"valueName":"search_term_string"}}],"inLanguage":"en-US"},{"@type":"Organization","@id":"http:\/\/www.schs.sg\/#organization","name":"Singapore Chinese High School | SCHS","url":"http:\/\/www.schs.sg\/","logo":{"@type":"ImageObject","inLanguage":"en-US","@id":"http:\/\/www.schs.sg\/#\/schema\/logo\/image\/","url":"https:\/\/www.schs.sg\/wp-content\/uploads\/2024\/01\/logo-1.png","contentUrl":"https:\/\/www.schs.sg\/wp-content\/uploads\/2024\/01\/logo-1.png","width":656,"height":129,"caption":"Singapore Chinese High School | SCHS"},"image":{"@id":"http:\/\/www.schs.sg\/#\/schema\/logo\/image\/"}}]}},"_links":{"self":[{"href":"https:\/\/www.schs.sg\/en\/wp-json\/wp\/v2\/pages\/369","targetHints":{"allow":["GET"]}}],"collection":[{"href":"https:\/\/www.schs.sg\/en\/wp-json\/wp\/v2\/pages"}],"about":[{"href":"https:\/\/www.schs.sg\/en\/wp-json\/wp\/v2\/types\/page"}],"author":[{"embeddable":true,"href":"https:\/\/www.schs.sg\/en\/wp-json\/wp\/v2\/users\/2"}],"replies":[{"embeddable":true,"href":"https:\/\/www.schs.sg\/en\/wp-json\/wp\/v2\/comments?post=369"}],"version-history":[{"count":74,"href":"https:\/\/www.schs.sg\/en\/wp-json\/wp\/v2\/pages\/369\/revisions"}],"predecessor-version":[{"id":3791,"href":"https:\/\/www.schs.sg\/en\/wp-json\/wp\/v2\/pages\/369\/revisions\/3791"}],"wp:attachment":[{"href":"https:\/\/www.schs.sg\/en\/wp-json\/wp\/v2\/media?parent=369"}],"curies":[{"name":"wp","href":"https:\/\/api.w.org\/{rel}","templated":true}]}}